{"id":6,"date":"2025-05-22T17:36:19","date_gmt":"2025-05-22T17:36:19","guid":{"rendered":"https:\/\/bzv.bespaarzaamnu.nl\/?page_id=6"},"modified":"2025-05-22T17:36:19","modified_gmt":"2025-05-22T17:36:19","slug":"geschiedenis","status":"publish","type":"page","link":"https:\/\/bzv.bespaarzaamnu.nl\/?page_id=6","title":{"rendered":"Geschiedenis"},"content":{"rendered":"\n<div class=\"wp-block-cover alignfull is-light has-accent-1-color has-text-color has-link-color wp-elements-d5a96029a6d05b89e56872bc32b786e0\" style=\"margin-top:0;margin-bottom:0;padding-top:200px;padding-right:var(--wp--preset--spacing--50);padding-bottom:200px;padding-left:var(--wp--preset--spacing--50);min-height:100vh;aspect-ratio:unset;\"><img loading=\"lazy\" decoding=\"async\" width=\"1024\" height=\"355\" class=\"wp-block-cover__image-background wp-image-11 size-large\" alt=\"\" src=\"https:\/\/bzv.bespaarzaamnu.nl\/wp-content\/uploads\/2025\/05\/cropped-zeilschip-boezemvrienden-3-3-1024x355.jpg\" data-object-fit=\"cover\" srcset=\"https:\/\/bzv.bespaarzaamnu.nl\/wp-content\/uploads\/2025\/05\/cropped-zeilschip-boezemvrienden-3-3-1024x355.jpg 1024w, https:\/\/bzv.bespaarzaamnu.nl\/wp-content\/uploads\/2025\/05\/cropped-zeilschip-boezemvrienden-3-3-300x104.jpg 300w, https:\/\/bzv.bespaarzaamnu.nl\/wp-content\/uploads\/2025\/05\/cropped-zeilschip-boezemvrienden-3-3-768x266.jpg 768w, https:\/\/bzv.bespaarzaamnu.nl\/wp-content\/uploads\/2025\/05\/cropped-zeilschip-boezemvrienden-3-3.jpg 1280w\" sizes=\"auto, (max-width: 1024px) 100vw, 1024px\" \/><span aria-hidden=\"true\" class=\"wp-block-cover__background has-background-dim-10 has-background-dim\" style=\"background-color:#acadad\"><\/span><div class=\"wp-block-cover__inner-container is-layout-constrained wp-container-core-cover-is-layout-d47c59a2 wp-block-cover-is-layout-constrained\">\n<p><\/p>\n<\/div><\/div>\n\n\n\n<p class=\"is-style-text-subtitle has-large-font-size\"><strong>Over de geschiedenis van Shanty liederen<\/strong><\/p>\n\n\n\n<p>Nederland heeft een lange scheepvaarttraditie.<br>In de 17<sup>e<\/sup> eeuw (gouden eeuw) kwam de scheepvaart tot bloei (VOC). Nederland nam een vooraanstaande positie in wereldwijd. Maar het leven was hard aan boord. In die tijd was het voedsel eenzijdig en dit leidde vaak tot ziektes en sterfgevallen. Zeereizen duurden soms meerdere jaren.<\/p>\n\n\n\n<p>Slavenhandel was in de&nbsp;17<sup>e<\/sup> en 18<sup>e<\/sup> eeuw heel normaal. Daar kwam in de 19<sup>e<\/sup> eeuw een einde aan.<\/p>\n\n\n\n<p>De liederen die wij zingen zijn in die eeuwen ontstaan. Het taalgebruik is soms ruw en soms ook verbasterd. Bemanningen bestonden uit mannen uit vele landen en mixten het Nederlands of Engels vaak met woorden uit hun eigen taal. Zeelieden werden daarom ook vaak John of Joe genoemd.<\/p>\n\n\n\n<p>Er werd veel over zeehelden en over de zeevaart gezongen. Maar dat zijn geen Shanty liederen. De Shanty\u2019s&nbsp; zijn liederen die door de bemanningen aan boord werden gezongen. Naast het feit dat het plezierig is om te zingen, hadden de liederen ook een doel. Onder andere om het zware werk te verlichten. Bijvoorbeeld als het anker opgetrokken moest worden of de zeilen gehesen.<br>In de 19<sup>e<\/sup> eeuw bloeide de zeilvaart opnieuw op. (1820 tot ongeveer 1870). Na 1870 maakte de komst van de stoomschepen een eind aan de zeilvaart met zijn romantiek, maar ook met zijn hardheid.<\/p>\n\n\n\n<p><strong>Meer over shanty\u2019s<\/strong><br>Uitspraak:<br>Shanty spreek je uit als \u2018sjentie\u2019<\/p>\n\n\n\n<p><strong>Oorsprong<\/strong><\/p>\n\n\n\n<p>De oorspronkelijke betekenis van het woord shanty is waarschijnlijk \u2018negerhut\u2019. Ook de schepen, die vroeger negerslaven vervoerden, werden shanty\u2019s genoemd, naar de krottenwijken met negerhutten waar de slaven vandaan kwamen. Na afschaffing van de slavernij vonden veel van deze negers werk bij de koopvaardij en zongen daar hun liedjes. Deze songs werden door Europese zeelui (vooral Ieren en Engelsen) gemengd met bekende volksliedjes. Uit die combinatie zijn de zeemansliedjes ontstaan die we shanty\u2019s noemen. Van veel shanty\u2019s heeft de melodie een Afrikaanse oorsprong; de negerslaven hebben voor de overlevering ervan gezorgd.<\/p>\n\n\n\n<p><strong>Inhoud<\/strong><\/p>\n\n\n\n<p>De zee en het schip vormden &nbsp;de inspiratiebron voor twee onbereikbare zaken, waar de zeeman van droomde en wild over fantaseerde: drank en vrouwen. Of daarom een schip vrouwelijk is weet ik niet.&nbsp; De thema\u2019s &nbsp;drank en vrouwen zijn in veel shanty\u2019s terug te vinden. Shanty\u2019s fungeerden als uitlaatklep voor een naar de huidige maatstaven beestachtig hard en ruig &nbsp;bestaan. Er zijn van verscheidene liedjes dan ook vaak twee versies: \u00e9\u00e9n die tijdens het werk op zee werd gezongen en \u00e9\u00e9n die werd gezongen als er \u2019vrouwvolk\u2019 of hoog bezoek aan boord kwam. Ook kwam het wel voor dat de schunnige woorden in een lied niet werden gezongen maar gefloten. De tekst van shanty\u2019s \u2013 zoals die vandaag de dag worden gezongen \u2013 is vaak n\u00f3g redelijk dubbelzinnig, maar desondanks bijna niet vergelijkbaar met de rauwe teksten van vroeger.<\/p>\n\n\n\n<p><strong>Begeleiding<\/strong><\/p>\n\n\n\n<p>Voor de instrumentale begeleiding gebruikte men in eerste instantie meestal een viool en\/of een fluit. Vanaf de tweede helft van de negentiende eeuw kwam daar ook de trekzak of harmonica bij. Maar bij gebrek aan muziekinstrumenten werd ook wel ge\u00efmproviseerd met vaten, blikken en bestek.<\/p>\n\n\n\n<p><strong>Straffeloos zingen<\/strong><\/p>\n\n\n\n<p>Lijfstraffen waren vroeger aan boord niet ongebruikelijk. Regel was echter, dat hetgeen je zong niet tegen je kon worden gebruikt. Zo zijn er teksten gemaakt over de slechte omstandigheden en over het gedrag van de kapitein e4n\/of de officieren. Matrozen zongen deze teksten om hun frustraties af te reageren, zonder dat zij daarvoor konden worden gestraft.<\/p>\n\n\n\n<p><strong>Soorten Shanty\u2019s<\/strong><\/p>\n\n\n\n<p>Shanty\u2019s zijn werk-ondersteunende liederen, maar elk soort samenwerking aan boord vraagt zijn eigen ritme en tempo. Daardoor zijn er ook verschillende soorten shanty\u2019s ontstaan, die er \u2013 bij de betreffende werksoort \u2013 voor zorgden dat iedereen op hetzelfde moment zijn kracht inzette. Voor de mannen was dat hard werken, maar een sterke tekst hield de stemming erin. Eigenlijk zijn er twee soorten Shanty liederen. De werkliederen en de forebitters. De forebitters werden ook wel forcastles genoemd. De forecastle was het verblijf van de matrozen.<\/p>\n\n\n\n<p><strong>Capstan Shanty:<\/strong><br>De capstan (kaapstander) shanty werd gebruikt voor eentonig terugkerend werk zoals het ophalen van het anker. Door de kaapstander werden zware stangen geplaatst en dan werkte hij als een tredmolen.<\/p>\n\n\n\n<p><strong>Long haul shanty:<\/strong><br>Ook wel halyard shanty genoemd. &nbsp;Deze waren voor zwaar inspannend werk zoals het hijsen van de zeilen.&nbsp; Hiervoor moest de shanty&nbsp; rust geven tussen het trekken. Meestal heeft deze shanty na iedere regel een refreinregel.<\/p>\n\n\n\n<p><strong>Short haul shanty:<\/strong><br>Het woord zegt het al. Deze shanty werd gebruikt als er met korte halen getrokken moest worden. Bijvoorbeeld bij het inkorten van de zeilen.(Geien) Hierdoor werd het zeiloppervlak kleiner . Bijvoorbeeld nodig bij sterkere wind.<\/p>\n\n\n\n<p><strong>Pompshanty:<\/strong><br>De houten zeilschepen maakten nogal eens water. Hoewel bijvoorbeeld de Hollanders goede technieken hadden om dit te voorkomen.(Breeuwen) Kwam er door het krimpen en uitzetten van het hout toch water binnen. En dat water moest er weer uit.<\/p>\n\n\n\n<p><strong>Whaling shanty:<\/strong><br>Het werk en leven aan boord van een walvisvaarder was zwaarder en ellendiger dan op welk schip ook. De zeereizen duurden meestal twee tot drie jaar en het stonk overal naar de tranige walvisolie. De jacht zelf werd in kleine sloepen gedaan en de grote staart van de walvis heeft menig zeemansleven be\u00ebindigd.<\/p>\n\n\n\n<p><strong>Forebitters:<\/strong><br>Zoals gezegd de liederen die in de vrije tijd gezongen werden of bij windstilte. De liederen gingen vaak over de mooie meisjes in de havenplaatsen, de drank. Maar ook over de slechte omstandigheden aan boord. Rolling down to old Maui is zo\u2019n forebitter.<\/p>\n\n\n\n<p><\/p>\n","protected":false},"excerpt":{"rendered":"<p>Over de geschiedenis van Shanty liederen Nederland heeft een lange scheepvaarttraditie.In de 17e eeuw (gouden eeuw) kwam de scheepvaart tot bloei (VOC). Nederland nam een vooraanstaande positie in wereldwijd. Maar [&hellip;]<\/p>\n","protected":false},"author":1,"featured_media":0,"parent":0,"menu_order":0,"comment_status":"closed","ping_status":"closed","template":"","meta":{"zakra_sidebar_layout":"customizer","zakra_remove_content_margin":false,"zakra_sidebar":"customizer","zakra_transparent_header":"customizer","zakra_logo":0,"zakra_main_header_style":"default","zakra_menu_item_color":"","zakra_menu_item_hover_color":"","zakra_menu_item_active_color":"","zakra_menu_active_style":"","zakra_page_header":true,"footnotes":""},"class_list":["post-6","page","type-page","status-publish","hentry"],"_links":{"self":[{"href":"https:\/\/bzv.bespaarzaamnu.nl\/index.php?rest_route=\/wp\/v2\/pages\/6","targetHints":{"allow":["GET"]}}],"collection":[{"href":"https:\/\/bzv.bespaarzaamnu.nl\/index.php?rest_route=\/wp\/v2\/pages"}],"about":[{"href":"https:\/\/bzv.bespaarzaamnu.nl\/index.php?rest_route=\/wp\/v2\/types\/page"}],"author":[{"embeddable":true,"href":"https:\/\/bzv.bespaarzaamnu.nl\/index.php?rest_route=\/wp\/v2\/users\/1"}],"replies":[{"embeddable":true,"href":"https:\/\/bzv.bespaarzaamnu.nl\/index.php?rest_route=%2Fwp%2Fv2%2Fcomments&post=6"}],"version-history":[{"count":1,"href":"https:\/\/bzv.bespaarzaamnu.nl\/index.php?rest_route=\/wp\/v2\/pages\/6\/revisions"}],"predecessor-version":[{"id":34,"href":"https:\/\/bzv.bespaarzaamnu.nl\/index.php?rest_route=\/wp\/v2\/pages\/6\/revisions\/34"}],"wp:attachment":[{"href":"https:\/\/bzv.bespaarzaamnu.nl\/index.php?rest_route=%2Fwp%2Fv2%2Fmedia&parent=6"}],"curies":[{"name":"wp","href":"https:\/\/api.w.org\/{rel}","templated":true}]}}